{"id":34,"date":"2014-11-07T15:58:31","date_gmt":"2014-11-07T14:58:31","guid":{"rendered":"http:\/\/www.kboherpen.nl\/?page_id=34"},"modified":"2025-07-03T12:57:26","modified_gmt":"2025-07-03T10:57:26","slug":"biljarten","status":"publish","type":"page","link":"https:\/\/www.kboherpen.nl\/?page_id=34","title":{"rendered":"Biljarten"},"content":{"rendered":"<div class=\"wp-block-image\">\n<figure class=\"alignright\"><img loading=\"lazy\" decoding=\"async\" width=\"200\" height=\"200\" src=\"https:\/\/www.kboherpen.nl\/wp-content\/uploads\/Roll-up-banner-200x200-1.jpg\" alt=\"\" class=\"wp-image-4454\" srcset=\"https:\/\/www.kboherpen.nl\/wp-content\/uploads\/Roll-up-banner-200x200-1.jpg 200w, https:\/\/www.kboherpen.nl\/wp-content\/uploads\/Roll-up-banner-200x200-1-150x150.jpg 150w\" sizes=\"auto, (max-width: 200px) 100vw, 200px\" \/><\/figure><\/div>\n\n\n<p>BILJARTEN in de &#8216;Soos&#8217; van \u2019t Slotje&nbsp;<\/p>\n\n\n\n<p>In de Soos kun je op de maandag- woensdag en vrijdagmiddag komen biljarten als je lid bent van Kom Bij Ons-Herpen.<\/p>\n\n\n\n<p>We hebben daar 3 biljarts ter beschikking voor de biljartliefhebber. Je kunt natuurlijk ook gewoon voor de gezelligheid komen kijken.<\/p>\n\n\n\n<p>Kom Bij Ons-Herpen heeft een aparte biljartclub. Het lidmaatschap van de biljartclub kost \u20ac 30,00 per jaar. De meeste leden daarvan spelen in competitieverband bij het Regiobiljart. Dit is de middagcompetitie van de senioren in de regio Oss.<\/p>\n\n\n\n<p>Er zijn ook twee teams, \u00e9\u00e9n libre en \u00e9\u00e9n driebanden, die in de avondcompetitie spelen van de KNBB. Deze wedstrijden worden op de dinsdagavond gespeeld in &#8217;t Slotje.<\/p>\n\n\n\n<p>Elk jaar wordt er ook een onderling toernooi gespeeld: het rommeltoernooi. Erg gezellig!<\/p>\n\n\n\n<p>Als je lid wilt worden van de biljartclub of meer informatie wilt over de competitie, dan kun je terecht bij de Henny Zwartjes, tel.&nbsp;0612588204<br><\/p>\n\n\n\n<figure class=\"wp-block-image\"><img loading=\"lazy\" decoding=\"async\" width=\"1000\" height=\"667\" src=\"http:\/\/www.kboherpen.nl\/wp-content\/uploads\/DSC00357.jpg\" alt=\"DSC00357\" class=\"wp-image-92\" srcset=\"https:\/\/www.kboherpen.nl\/wp-content\/uploads\/DSC00357.jpg 1000w, https:\/\/www.kboherpen.nl\/wp-content\/uploads\/DSC00357-300x200.jpg 300w, https:\/\/www.kboherpen.nl\/wp-content\/uploads\/DSC00357-224x150.jpg 224w, https:\/\/www.kboherpen.nl\/wp-content\/uploads\/DSC00357-150x100.jpg 150w\" sizes=\"auto, (max-width: 1000px) 100vw, 1000px\" \/><\/figure>\n\n\n\n<figure class=\"wp-block-image\"><img loading=\"lazy\" decoding=\"async\" width=\"1000\" height=\"667\" src=\"http:\/\/www.kboherpen.nl\/wp-content\/uploads\/DSC00358.jpg\" alt=\"DSC00358\" class=\"wp-image-93\" srcset=\"https:\/\/www.kboherpen.nl\/wp-content\/uploads\/DSC00358.jpg 1000w, https:\/\/www.kboherpen.nl\/wp-content\/uploads\/DSC00358-300x200.jpg 300w, https:\/\/www.kboherpen.nl\/wp-content\/uploads\/DSC00358-224x150.jpg 224w, https:\/\/www.kboherpen.nl\/wp-content\/uploads\/DSC00358-150x100.jpg 150w\" sizes=\"auto, (max-width: 1000px) 100vw, 1000px\" \/><\/figure>\n\n\n\n<figure class=\"wp-block-image\"><img loading=\"lazy\" decoding=\"async\" width=\"1000\" height=\"667\" src=\"http:\/\/www.kboherpen.nl\/wp-content\/uploads\/DSC00359.jpg\" alt=\"DSC00359\" class=\"wp-image-94\" srcset=\"https:\/\/www.kboherpen.nl\/wp-content\/uploads\/DSC00359.jpg 1000w, https:\/\/www.kboherpen.nl\/wp-content\/uploads\/DSC00359-300x200.jpg 300w, https:\/\/www.kboherpen.nl\/wp-content\/uploads\/DSC00359-224x150.jpg 224w, https:\/\/www.kboherpen.nl\/wp-content\/uploads\/DSC00359-150x100.jpg 150w\" sizes=\"auto, (max-width: 1000px) 100vw, 1000px\" \/><\/figure>\n\n\n\n<p><\/p>\n","protected":false},"excerpt":{"rendered":"<p>BILJARTEN in de &#8216;Soos&#8217; van \u2019t Slotje&nbsp; In de Soos kun je op de maandag- woensdag en vrijdagmiddag komen biljarten als je lid bent van Kom Bij Ons-Herpen. We hebben daar 3 biljarts ter beschikking voor de biljartliefhebber. Je kunt natuurlijk ook gewoon voor de gezelligheid komen kijken. Kom Bij\u2026<\/p>\n<p class=\"continue-reading-button\"> <a class=\"continue-reading-link\" href=\"https:\/\/www.kboherpen.nl\/?page_id=34\">Klik hier om verder te lezen&#8230;<i class=\"crycon-right-dir\"><\/i><\/a><\/p>\n","protected":false},"author":1,"featured_media":0,"parent":32,"menu_order":0,"comment_status":"closed","ping_status":"open","template":"","meta":{"ngg_post_thumbnail":0,"footnotes":""},"class_list":["post-34","page","type-page","status-publish","hentry"],"_links":{"self":[{"href":"https:\/\/www.kboherpen.nl\/index.php?rest_route=\/wp\/v2\/pages\/34","targetHints":{"allow":["GET"]}}],"collection":[{"href":"https:\/\/www.kboherpen.nl\/index.php?rest_route=\/wp\/v2\/pages"}],"about":[{"href":"https:\/\/www.kboherpen.nl\/index.php?rest_route=\/wp\/v2\/types\/page"}],"author":[{"embeddable":true,"href":"https:\/\/www.kboherpen.nl\/index.php?rest_route=\/wp\/v2\/users\/1"}],"replies":[{"embeddable":true,"href":"https:\/\/www.kboherpen.nl\/index.php?rest_route=%2Fwp%2Fv2%2Fcomments&post=34"}],"version-history":[{"count":8,"href":"https:\/\/www.kboherpen.nl\/index.php?rest_route=\/wp\/v2\/pages\/34\/revisions"}],"predecessor-version":[{"id":5553,"href":"https:\/\/www.kboherpen.nl\/index.php?rest_route=\/wp\/v2\/pages\/34\/revisions\/5553"}],"up":[{"embeddable":true,"href":"https:\/\/www.kboherpen.nl\/index.php?rest_route=\/wp\/v2\/pages\/32"}],"wp:attachment":[{"href":"https:\/\/www.kboherpen.nl\/index.php?rest_route=%2Fwp%2Fv2%2Fmedia&parent=34"}],"curies":[{"name":"wp","href":"https:\/\/api.w.org\/{rel}","templated":true}]}}